{"id":21,"date":"2022-12-29T10:40:18","date_gmt":"2022-12-29T10:40:18","guid":{"rendered":"https:\/\/ashleyencantada.com\/?page_id=21"},"modified":"2025-09-03T02:50:12","modified_gmt":"2025-09-03T02:50:12","slug":"home","status":"publish","type":"page","link":"https:\/\/ashleyencantada.com\/es\/","title":{"rendered":"Inicio"},"content":{"rendered":"<h1>Eleva tu<br \/><em>intimidad<\/em><br \/>Transforma tu<br \/><em>relaci\u00f3n<\/em><\/h1>\r\n<p><img loading=\"lazy\" decoding=\"async\" title=\"paint-stripe\" src=\"https:\/\/ashleyencantada.com\/wp-content\/uploads\/2023\/07\/paint-stripe.png\" alt=\"paint-stripe\" width=\"271\" height=\"56\" \/><\/p>\r\n<h2 class=\"translation-block\">Ense\u00f1o <em>secretos ancestrales y modernos<\/em>y a la vez <em>eternos<\/em> para lograr un <em>amor liberador y exquisito<\/em> a parejas como ustedes, que buscan lo mejor para sus <em>vidas y relaciones<\/em>.<\/h2>\r\n<p><img loading=\"lazy\" decoding=\"async\" title=\"gold fan\" src=\"https:\/\/ashleyencantada.com\/wp-content\/uploads\/2023\/07\/gold-fan.png\" alt=\"gold fan\" width=\"500\" height=\"396\" \/> <img loading=\"lazy\" decoding=\"async\" title=\"favicon\" src=\"https:\/\/ashleyencantada.com\/wp-content\/uploads\/2023\/07\/favicon.png\" alt=\"favicon\" width=\"476\" height=\"523\" \/><\/p>\r\n<h2><em>Hi, I&#8217;m Ashley Encantada<\/em><\/h2>\r\n<h3>y creo que el amor deber\u00eda ser liberador.<\/h3>\r\n<p>Bienvenidos a mi mundo de Coaching y Retiros de Intimidad Hol\u00edstica y Relaciones para personas apasionadas que buscan experimentar lo m\u00e1ximo que la vida tiene para ofrecer.<\/p>\r\n<p>\u00bfListos para llevar sus relaciones a niveles sin precedentes de conexi\u00f3n mutua, placer y alegr\u00eda?<\/p>\r\n<p><a href=\"https:\/\/ashleyencantada.com\/es\/couples-retreats\/\" target=\"_self\"> Conoce mis retiros para parejas aqu\u00ed <\/a><\/p>\r\n<h2>Cuaderno de Trabajo Gratuito<\/h2>\r\n<h3>Obt\u00e9n lo que Deseas del Amor y la Intimidad<\/h3>\r\n<p>Para quienes est\u00e1n solteros, en una relaci\u00f3n o en una situaci\u00f3n indefinida\u2026<\/p>\r\n<p><img loading=\"lazy\" decoding=\"async\" title=\"Workbook-Mock-Up\" src=\"https:\/\/ashleyencantada.com\/wp-content\/uploads\/2023\/07\/Workbook-Mock-Up-2.png\" alt=\"Workbook-Mock-Up\" width=\"1000\" height=\"1119\" \/><\/p>\r\n<p>Discover the profound secrets of true intimacy and relationship fulfillment with Ashley Encantada&#8217;s Holistic Intimacy &amp; Relationship Coaching &amp; Retreats.<\/p>\r\n<p>Libera el poder transformador de terapias personalizadas de Tantra, Neo-Tantra y con enfoque en trauma, dise\u00f1adas para elevar tu conexi\u00f3n, alegr\u00eda y placer a su m\u00e1ximo potencial.<\/p>\r\n<p>AQU\u00cd ENCONTRAR\u00c1S FORMAS EN QUE PODEMOS TRABAJAR JUNTOS<\/p>\r\n<h2>Tantra para Parejas <em>Retiros<\/em><\/h2>\r\n<p>Indulge in an immersive retreat experience at the destination of your choice with Ashley Encantada&#8217;s 3, 4, or 5-day exclusive intimacy, tantra, and relationship retreat packages.<\/p>\r\n<p>(Ad\u00e9ntrate en los \u00e1mbitos de la sensualidad, la sanaci\u00f3n y el empoderamiento mientras Ashley te gu\u00eda a ti y a tu pareja a trav\u00e9s de ejercicios y ense\u00f1anzas transformadoras.)<\/p>\r\n<p><a href=\"https:\/\/ashleyencantada.com\/es\/couples-retreats\/\" target=\"_self\"> Conoce m\u00e1s <\/a> <img loading=\"lazy\" decoding=\"async\" title=\"couple at play\" src=\"https:\/\/ashleyencantada.com\/wp-content\/uploads\/2023\/07\/couple-at-play.jpg\" alt=\"couple at play\" width=\"1217\" height=\"1379\" \/> <img loading=\"lazy\" decoding=\"async\" title=\"paint\" src=\"https:\/\/ashleyencantada.com\/wp-content\/uploads\/2023\/07\/paint.png\" alt=\"paint\" width=\"296\" height=\"167\" \/><\/p>\r\n<figure><img loading=\"lazy\" decoding=\"async\" src=\"https:\/\/ashleyencantada.com\/wp-content\/uploads\/2025\/05\/21.png\" srcset=\"https:\/\/ashleyencantada.com\/wp-content\/uploads\/2025\/05\/21.png 450w, https:\/\/ashleyencantada.com\/wp-content\/uploads\/2025\/05\/21-225x300.png 225w\" alt=\"\" width=\"450\" height=\"600\" \/><\/figure>\r\n<figure><img loading=\"lazy\" decoding=\"async\" src=\"https:\/\/ashleyencantada.com\/wp-content\/uploads\/2025\/05\/51.png\" srcset=\"https:\/\/ashleyencantada.com\/wp-content\/uploads\/2025\/05\/51.png 450w, https:\/\/ashleyencantada.com\/wp-content\/uploads\/2025\/05\/51-225x300.png 225w\" alt=\"\" width=\"450\" height=\"600\" \/><\/figure>\r\n<figure><img loading=\"lazy\" decoding=\"async\" src=\"https:\/\/ashleyencantada.com\/wp-content\/uploads\/2025\/05\/101.png\" srcset=\"https:\/\/ashleyencantada.com\/wp-content\/uploads\/2025\/05\/101.png 450w, https:\/\/ashleyencantada.com\/wp-content\/uploads\/2025\/05\/101-225x300.png 225w\" alt=\"\" width=\"450\" height=\"600\" \/><\/figure>\r\n<figure><img loading=\"lazy\" decoding=\"async\" src=\"https:\/\/ashleyencantada.com\/wp-content\/uploads\/2025\/05\/81.png\" srcset=\"https:\/\/ashleyencantada.com\/wp-content\/uploads\/2025\/05\/81.png 450w, https:\/\/ashleyencantada.com\/wp-content\/uploads\/2025\/05\/81-225x300.png 225w\" alt=\"\" width=\"450\" height=\"600\" \/><\/figure>\r\n<figure><img loading=\"lazy\" decoding=\"async\" src=\"https:\/\/ashleyencantada.com\/wp-content\/uploads\/2025\/05\/91.png\" srcset=\"https:\/\/ashleyencantada.com\/wp-content\/uploads\/2025\/05\/91.png 450w, https:\/\/ashleyencantada.com\/wp-content\/uploads\/2025\/05\/91-225x300.png 225w\" alt=\"\" width=\"450\" height=\"600\" \/><\/figure>\r\n<figure><img loading=\"lazy\" decoding=\"async\" src=\"https:\/\/ashleyencantada.com\/wp-content\/uploads\/2025\/05\/71.png\" srcset=\"https:\/\/ashleyencantada.com\/wp-content\/uploads\/2025\/05\/71.png 450w, https:\/\/ashleyencantada.com\/wp-content\/uploads\/2025\/05\/71-225x300.png 225w\" alt=\"\" width=\"450\" height=\"600\" \/><\/figure>\r\n<figure><img loading=\"lazy\" decoding=\"async\" src=\"https:\/\/ashleyencantada.com\/wp-content\/uploads\/2025\/05\/61.png\" srcset=\"https:\/\/ashleyencantada.com\/wp-content\/uploads\/2025\/05\/61.png 450w, https:\/\/ashleyencantada.com\/wp-content\/uploads\/2025\/05\/61-225x300.png 225w\" alt=\"\" width=\"450\" height=\"600\" \/><\/figure>\r\n<figure><img loading=\"lazy\" decoding=\"async\" src=\"https:\/\/ashleyencantada.com\/wp-content\/uploads\/2025\/05\/41.png\" srcset=\"https:\/\/ashleyencantada.com\/wp-content\/uploads\/2025\/05\/41.png 450w, https:\/\/ashleyencantada.com\/wp-content\/uploads\/2025\/05\/41-225x300.png 225w\" alt=\"\" width=\"450\" height=\"600\" \/><\/figure>\r\n<figure><img loading=\"lazy\" decoding=\"async\" src=\"https:\/\/ashleyencantada.com\/wp-content\/uploads\/2025\/05\/31.png\" srcset=\"https:\/\/ashleyencantada.com\/wp-content\/uploads\/2025\/05\/31.png 450w, https:\/\/ashleyencantada.com\/wp-content\/uploads\/2025\/05\/31-225x300.png 225w\" alt=\"\" width=\"450\" height=\"600\" \/><\/figure>\r\n<figure><img loading=\"lazy\" decoding=\"async\" src=\"https:\/\/ashleyencantada.com\/wp-content\/uploads\/2025\/05\/11.png\" srcset=\"https:\/\/ashleyencantada.com\/wp-content\/uploads\/2025\/05\/11.png 450w, https:\/\/ashleyencantada.com\/wp-content\/uploads\/2025\/05\/11-225x300.png 225w\" alt=\"\" width=\"450\" height=\"600\" \/><\/figure>\r\n<!-- navigation arrows -->\r\n<p>&nbsp;<\/p>\r\n<h2>Uni\u00f3n Divina<\/h2>\r\n<p>Programa de 8 Semanas para Parejas<\/p>\r\n<p>Experience the ultimate connection with your partner through our inclusive 8-week online couples coaching program, carefully crafted by Ashley Encantada. (As a bonus, you&#8217;ll gain access to a complementary pre-recorded program, exclusively curated to elevate your journey of personal and relational growth.)<\/p>\r\n<p><a href=\"https:\/\/ashleyencantada.com\/es\/divine-union-couples-tantra-program\/\" target=\"_self\"> Conoce m\u00e1s <\/a> <img loading=\"lazy\" decoding=\"async\" title=\"Ashley with gold paint\" src=\"https:\/\/ashleyencantada.com\/wp-content\/uploads\/2023\/07\/Ashley-with-gold-paint.png\" alt=\"Ashley with gold paint\" width=\"712\" height=\"994\" \/><\/p>\r\n<h2>TRES Pasos para Trabajar con Ashley<\/h2>\r\n<ul>\r\n<li><img decoding=\"async\" src=\"https:\/\/ashleyencantada.com\/wp-content\/uploads\/2023\/07\/01.svg\" alt=\"01\" \/>\r\n<p>Click here to book a free, 20 minute introductory call where we discover your needs, desires and whether we&#8217;re the right match.<\/p>\r\n<\/li>\r\n<\/ul>\r\n<p><a href=\"https:\/\/calendly.com\/ashleyencantada\/20min\" target=\"_blank\" rel=\"noopener\"> Agenda tu llamada <\/a><\/p>\r\n<ul>\r\n<li><img decoding=\"async\" src=\"https:\/\/ashleyencantada.com\/wp-content\/uploads\/2023\/07\/02.svg\" alt=\"02\" \/>\r\n<p>Elige entre paquetes de coaching en l\u00ednea, cursos pregrabados o retiros de intimidad intensivos presenciales para garantizar que recibas el apoyo que mejor se adapte a tu relaci\u00f3n.<\/p>\r\n<\/li>\r\n<\/ul>\r\n<ul>\r\n<li><img decoding=\"async\" src=\"https:\/\/ashleyencantada.com\/wp-content\/uploads\/2023\/07\/03.svg\" alt=\"03\" \/>\r\n<p>Dive in and have some fun while learning! All of Ashley&#8217;s experiences are infused with extraordinary care, humor, knowledge and dedication to the best possible outcome for your love story!<\/p>\r\n<\/li>\r\n<\/ul>\r\n<h2>Clases Pregrabadas, Meditaciones y m\u00e1s\u2026<\/h2>\r\n<p>Clases pregrabadas que se adaptan a tu agenda ocupada, dise\u00f1adas para parejas que buscan manifestar su relaci\u00f3n ideal y para personas que desean transformar viejos patrones en nuevas herramientas, \u00a1todo desde la comodidad de tu hogar!<\/p>\r\n<p><a href=\"https:\/\/ashleyencantada.com\/es\/intimacy-tantra-master-classes\/getting-the-love-intimacy-you-want\/\" target=\"_self\"> <img loading=\"lazy\" decoding=\"async\" title=\"Couples retreat\" src=\"https:\/\/ashleyencantada.com\/wp-content\/uploads\/2023\/07\/Couples-retreat.png\" alt=\"Couples retreat\" width=\"1016\" height=\"1016\" \/> <\/a><\/p>\r\n<h3><em>Consiguiendo el Amor y la Intimidad que Deseas<\/em><\/h3>\r\n<p>Are you still yearning to create a more deeply loving, ecstatic relationship in your life, but feeling confused or tired from trying? If you&#8217;re done with all the excuses and resistance around your relationships with other people and yourself, this class will help you take your love to the next level.<\/p>\r\n<p><a href=\"https:\/\/ashleyencantada.com\/es\/intimacy-tantra-master-classes\/getting-love-intimacy-you-want-2\/\" target=\"_self\"> Conoce m\u00e1s <\/a> <a href=\"https:\/\/ashleyencantada.com\/es\/intimacy-tantra-master-classes\/conscious-kink-mistress-class\/\" target=\"_self\"> <img loading=\"lazy\" decoding=\"async\" title=\"Conscious-Kink-Option-Two\" src=\"https:\/\/ashleyencantada.com\/wp-content\/uploads\/2023\/07\/Conscious-Kink-Option-Two.jpg\" alt=\"Conscious-Kink-Option-Two\" width=\"1500\" height=\"1500\" \/> <\/a><\/p>\r\n<h3><em>Clase de Amante Consciente del Kink<\/em><\/h3>\r\n<p>Aprende el poder del dominio emocionalmente sintonizado, construyendo confianza e intimidad dentro de l\u00edmites saludables mientras abordas profundamente su trabajo de sombras. La clase cubre temas como pr\u00e1cticas de consentimiento, protocolos de seguridad emocional y f\u00edsica, exploraci\u00f3n som\u00e1tica de la sensualidad, permitiendo a los participantes alcanzar estados m\u00e1s profundos de conciencia personal, relacional y espiritual.<\/p>\r\n<p><a href=\"https:\/\/ashleyencantada.com\/es\/intimacy-tantra-master-classes\/conscious-kink-mistress-class\/\" target=\"_self\"> Conoce m\u00e1s <\/a> <a href=\"https:\/\/ashleyencantada.com\/es\/intimacy-tantra-master-classes\/all-about-female-ejaculation\/\" target=\"_self\"> <img loading=\"lazy\" decoding=\"async\" title=\"Female-Ejaculation\" src=\"https:\/\/ashleyencantada.com\/wp-content\/uploads\/2023\/07\/Female-Ejaculation.jpg\" alt=\"Female-Ejaculation\" width=\"736\" height=\"736\" \/> <\/a><\/p>\r\n<h3><em>Todo Sobre la Eyaculaci\u00f3n Femenina<\/em><\/h3>\r\n<p>In some countries, it&#8217;s believed a woman isn&#8217;t fully sexually satisfied unless she&#8217;s squirting (also called ejaculation and amrita). This class covers the ins and outs of Female Ejaculation, from anatomy to technique to overcoming obstacles women often experience before accessing this beautiful form of pleasure<\/p>\r\n<p><a href=\"https:\/\/ashleyencantada.com\/es\/intimacy-tantra-master-classes\/all-about-female-ejaculation\/\" target=\"_self\"> Conoce m\u00e1s <\/a> <iframe title=\"Asley Encantada Women's Retreat Testimonial\" allowfullscreen=\"allowfullscreen\" data-src=\"https:\/\/www.youtube.com\/embed\/4H09wC4XsNg?feature=oembed&amp;start&amp;end&amp;wmode=opaque&amp;loop=0&amp;controls=1&amp;mute=0&amp;rel=0&amp;modestbranding=0\"><\/iframe> Play Video<\/p>\r\n<h3><em>Women&#8217;s Retreat Testimonial<\/em><\/h3>\r\n<p><iframe title=\"Asley Encantada Couple's Retreat Testimonial\" allowfullscreen=\"allowfullscreen\" data-src=\"https:\/\/www.youtube.com\/embed\/TiABSx49-5A?feature=oembed&amp;start&amp;end&amp;wmode=opaque&amp;loop=0&amp;controls=1&amp;mute=0&amp;rel=0&amp;modestbranding=0\"><\/iframe> Play Video<\/p>\r\n<h3><em>Couple&#8217;s Retreat Testimonial<\/em><\/h3>\r\n<p>Deja de permitir que tus prioridades en conflicto, la distancia creciente entre ustedes y el impulso de prevenir o protegerte de futuros dolores te mantengan sinti\u00e9ndote solo, frustrado y asustado. \u00a1Revive la conexi\u00f3n, la confianza y la satisfacci\u00f3n profunda en tu relaci\u00f3n nuevamente!<\/p>","protected":false},"excerpt":{"rendered":"<p>Elevate YourintimacyTransform Yourrelationship I teach ancient and modern yet timeless secrets for liberating, luscious love to couples like you who want the very best out of their lives and relationships. Hi, I&#8217;m Ashley Encantada and I believe love should be liberating. Welcome to my world of Holistic Intimacy &amp; Relationship Coaching and Retreats for passionate&hellip;<\/p>","protected":false},"author":2,"featured_media":0,"parent":0,"menu_order":0,"comment_status":"closed","ping_status":"closed","template":"","meta":{"passster_activate_protection":false,"passster_protect_child_pages":"","passster_protection_type":"password","passster_password":"","passster_activate_overwrite_defaults":"","passster_headline":"","passster_instruction":"","passster_placeholder":"","passster_button":"","passster_id":"","passster_activate_misc_settings":"","passster_redirect_url":"","passster_hide":"no","passster_area_shortcode":"","footnotes":""},"class_list":["post-21","page","type-page","status-publish","hentry"],"_links":{"self":[{"href":"https:\/\/ashleyencantada.com\/es\/wp-json\/wp\/v2\/pages\/21","targetHints":{"allow":["GET"]}}],"collection":[{"href":"https:\/\/ashleyencantada.com\/es\/wp-json\/wp\/v2\/pages"}],"about":[{"href":"https:\/\/ashleyencantada.com\/es\/wp-json\/wp\/v2\/types\/page"}],"author":[{"embeddable":true,"href":"https:\/\/ashleyencantada.com\/es\/wp-json\/wp\/v2\/users\/2"}],"replies":[{"embeddable":true,"href":"https:\/\/ashleyencantada.com\/es\/wp-json\/wp\/v2\/comments?post=21"}],"version-history":[{"count":11,"href":"https:\/\/ashleyencantada.com\/es\/wp-json\/wp\/v2\/pages\/21\/revisions"}],"predecessor-version":[{"id":1754,"href":"https:\/\/ashleyencantada.com\/es\/wp-json\/wp\/v2\/pages\/21\/revisions\/1754"}],"wp:attachment":[{"href":"https:\/\/ashleyencantada.com\/es\/wp-json\/wp\/v2\/media?parent=21"}],"curies":[{"name":"wp","href":"https:\/\/api.w.org\/{rel}","templated":true}]}}